{"id":798,"date":"2021-03-01T12:53:38","date_gmt":"2021-03-01T12:53:38","guid":{"rendered":"https:\/\/gane.de\/?page_id=798"},"modified":"2024-10-20T16:21:30","modified_gmt":"2024-10-20T14:21:30","slug":"partner","status":"publish","type":"page","link":"https:\/\/gane.de\/en\/partner\/","title":{"rendered":"Partner"},"content":{"rendered":"<p>[et_pb_section fb_built=&#8221;1&#8243; specialty=&#8221;on&#8221; _builder_version=&#8221;4.16&#8243; global_colors_info=&#8221;{}&#8221;][et_pb_column type=&#8221;3_4&#8243; specialty_columns=&#8221;3&#8243; _builder_version=&#8221;4.16&#8243; custom_padding=&#8221;|||&#8221; global_colors_info=&#8221;{}&#8221; custom_padding__hover=&#8221;|||&#8221;][et_pb_row_inner module_id=&#8221;portrait&#8221; _builder_version=&#8221;4.16&#8243; global_colors_info=&#8221;{}&#8221;][et_pb_column_inner saved_specialty_column_type=&#8221;3_4&#8243; _builder_version=&#8221;4.1&#8243; global_colors_info=&#8221;{}&#8221;][et_pb_text admin_label=&#8221;\u00dcberschrift&#8221; module_class=&#8221;ueberschrift&#8221; _builder_version=&#8221;4.21.0&#8243; global_colors_info=&#8221;{}&#8221;]<\/p>\n<h2>Dates<\/h2>\n<p>The 17th Meeting for our partners will be in the premises of the company on 28th September 2024 at 14 a.m. For planning purposes please register until 23rd September 2024.<\/p>\n<p>[\/et_pb_text][\/et_pb_column_inner][\/et_pb_row_inner][\/et_pb_column][et_pb_column type=&#8221;1_4&#8243; _builder_version=&#8221;4.16&#8243; custom_padding=&#8221;|||&#8221; global_colors_info=&#8221;{}&#8221; custom_padding__hover=&#8221;|||&#8221;][et_pb_sidebar area=&#8221;et_pb_widget_area_2&#8243; module_class=&#8221;seitenleiste&#8221; _builder_version=&#8221;4.16&#8243; global_colors_info=&#8221;{}&#8221;][\/et_pb_sidebar][\/et_pb_column][\/et_pb_section]<\/p>\n","protected":false},"excerpt":{"rendered":"<p>Dates The 17th Meeting for our partners will be in the premises of the company on 28th September 2024 at 14 a.m. For planning purposes please register until 23rd September 2024.<\/p>\n","protected":false},"author":1,"featured_media":14492,"parent":0,"menu_order":0,"comment_status":"closed","ping_status":"closed","template":"unterseite.php","meta":{"_acf_changed":false,"_et_pb_use_builder":"on","_et_pb_old_content":"[et_pb_section fb_built=\"1\" specialty=\"on\" _builder_version=\"4.1\"][et_pb_column type=\"3_4\" specialty_columns=\"3\" _builder_version=\"3.25\" custom_padding=\"|||\" custom_padding__hover=\"|||\"][et_pb_row_inner module_id=\"portrait\" _builder_version=\"4.1\"][et_pb_column_inner saved_specialty_column_type=\"3_4\" _builder_version=\"4.1\"][et_pb_text admin_label=\"\u00dcberschrift\" module_class=\"ueberschrift\" _builder_version=\"4.1\"]<h2>Partner<\/h2>[\/et_pb_text][et_pb_text module_class=\"first-letter\" _builder_version=\"4.1\"]Die 14. Versammlung f\u00fcr unsere Partner wird am 23. September 2021 um 11 Uhr stattfinden. Damit wir entsprechend disponieren k\u00f6nnen, bitten wir um Anmeldung bis zum 20. September 2021. Der Jahresabschluss zum 30. Juni 2020 kann in den Gesch\u00e4ftsr\u00e4umen am Sitz der Gesellschaft, Wei\u00dfenburger Stra\u00dfe 36, 63739 Aschaffenburg, eingesehen werden.[\/et_pb_text][\/et_pb_column_inner][\/et_pb_row_inner][\/et_pb_column][et_pb_column type=\"1_4\" _builder_version=\"3.25\" custom_padding=\"|||\" custom_padding__hover=\"|||\"][et_pb_sidebar area=\"et_pb_widget_area_2\" module_class=\"seitenleiste\" _builder_version=\"4.1\" hover_enabled=\"0\"][\/et_pb_sidebar][\/et_pb_column][\/et_pb_section]","_et_gb_content_width":"","inline_featured_image":false,"footnotes":""},"class_list":["post-798","page","type-page","status-publish","has-post-thumbnail","hentry"],"acf":[],"yoast_head":"<!-- This site is optimized with the Yoast SEO plugin v27.1.1 - https:\/\/yoast.com\/product\/yoast-seo-wordpress\/ -->\n<title>Partner | GAN\u00c9 Aktiengesellschaft | ACATIS GAN\u00c9 Value Event Fonds<\/title>\n<meta name=\"robots\" content=\"index, follow, max-snippet:-1, max-image-preview:large, max-video-preview:-1\" \/>\n<link rel=\"canonical\" href=\"https:\/\/gane.de\/en\/partner\/\" \/>\n<meta property=\"og:locale\" content=\"en_US\" \/>\n<meta property=\"og:type\" content=\"article\" \/>\n<meta property=\"og:title\" content=\"Partner | GAN\u00c9 Aktiengesellschaft | ACATIS GAN\u00c9 Value Event Fonds\" \/>\n<meta property=\"og:description\" content=\"Dates The 17th Meeting for our partners will be in the premises of the company on 28th September 2024 at 14 a.m. For planning purposes please register until 23rd September 2024.\" \/>\n<meta property=\"og:url\" content=\"https:\/\/gane.de\/en\/partner\/\" \/>\n<meta property=\"og:site_name\" content=\"gane-aktiengesellschaft\" \/>\n<meta property=\"article:modified_time\" content=\"2024-10-20T14:21:30+00:00\" \/>\n<meta property=\"og:image\" content=\"https:\/\/gane.de\/wp-content\/uploads\/2024\/01\/acatis-gane-aschaffenburg.jpg\" \/>\n\t<meta property=\"og:image:width\" content=\"2400\" \/>\n\t<meta property=\"og:image:height\" content=\"1006\" \/>\n\t<meta property=\"og:image:type\" content=\"image\/jpeg\" \/>\n<meta name=\"twitter:card\" content=\"summary_large_image\" \/>\n<meta name=\"twitter:label1\" content=\"Est. reading time\" \/>\n\t<meta name=\"twitter:data1\" content=\"1 minute\" \/>\n<script type=\"application\/ld+json\" class=\"yoast-schema-graph\">{\"@context\":\"https:\/\/schema.org\",\"@graph\":[{\"@type\":\"WebPage\",\"@id\":\"https:\/\/gane.de\/en\/partner\/\",\"url\":\"https:\/\/gane.de\/en\/partner\/\",\"name\":\"Partner | GAN\u00c9 Aktiengesellschaft | ACATIS GAN\u00c9 Value Event Fonds\",\"isPartOf\":{\"@id\":\"https:\/\/gane.de\/#website\"},\"primaryImageOfPage\":{\"@id\":\"https:\/\/gane.de\/en\/partner\/#primaryimage\"},\"image\":{\"@id\":\"https:\/\/gane.de\/en\/partner\/#primaryimage\"},\"thumbnailUrl\":\"https:\/\/gane.de\/wp-content\/uploads\/2024\/01\/acatis-gane-aschaffenburg.jpg\",\"datePublished\":\"2021-03-01T12:53:38+00:00\",\"dateModified\":\"2024-10-20T14:21:30+00:00\",\"breadcrumb\":{\"@id\":\"https:\/\/gane.de\/en\/partner\/#breadcrumb\"},\"inLanguage\":\"en-US\",\"potentialAction\":[{\"@type\":\"ReadAction\",\"target\":[\"https:\/\/gane.de\/en\/partner\/\"]}]},{\"@type\":\"ImageObject\",\"inLanguage\":\"en-US\",\"@id\":\"https:\/\/gane.de\/en\/partner\/#primaryimage\",\"url\":\"https:\/\/gane.de\/wp-content\/uploads\/2024\/01\/acatis-gane-aschaffenburg.jpg\",\"contentUrl\":\"https:\/\/gane.de\/wp-content\/uploads\/2024\/01\/acatis-gane-aschaffenburg.jpg\",\"width\":2400,\"height\":1006,\"caption\":\"ACATIS GAN\u00c9 Value Event Fonds Aschaffenburg\"},{\"@type\":\"BreadcrumbList\",\"@id\":\"https:\/\/gane.de\/en\/partner\/#breadcrumb\",\"itemListElement\":[{\"@type\":\"ListItem\",\"position\":1,\"name\":\"Home\",\"item\":\"https:\/\/gane.de\/en\/startsite\/\"},{\"@type\":\"ListItem\",\"position\":2,\"name\":\"Partner\"}]},{\"@type\":\"WebSite\",\"@id\":\"https:\/\/gane.de\/#website\",\"url\":\"https:\/\/gane.de\/\",\"name\":\"gane-aktiengesellschaft\",\"description\":\"Just another WordPress site\",\"publisher\":{\"@id\":\"https:\/\/gane.de\/#organization\"},\"potentialAction\":[{\"@type\":\"SearchAction\",\"target\":{\"@type\":\"EntryPoint\",\"urlTemplate\":\"https:\/\/gane.de\/?s={search_term_string}\"},\"query-input\":{\"@type\":\"PropertyValueSpecification\",\"valueRequired\":true,\"valueName\":\"search_term_string\"}}],\"inLanguage\":\"en-US\"},{\"@type\":\"Organization\",\"@id\":\"https:\/\/gane.de\/#organization\",\"name\":\"GAN\u00c9 Aktiengesellschaft\",\"url\":\"https:\/\/gane.de\/\",\"logo\":{\"@type\":\"ImageObject\",\"inLanguage\":\"en-US\",\"@id\":\"https:\/\/gane.de\/#\/schema\/logo\/image\/\",\"url\":\"https:\/\/gane.de\/wp-content\/uploads\/2021\/01\/logo-gane.png\",\"contentUrl\":\"https:\/\/gane.de\/wp-content\/uploads\/2021\/01\/logo-gane.png\",\"width\":606,\"height\":192,\"caption\":\"GAN\u00c9 Aktiengesellschaft\"},\"image\":{\"@id\":\"https:\/\/gane.de\/#\/schema\/logo\/image\/\"}}]}<\/script>\n<!-- \/ Yoast SEO plugin. -->","yoast_head_json":{"title":"Partner | GAN\u00c9 Aktiengesellschaft | ACATIS GAN\u00c9 Value Event Fonds","robots":{"index":"index","follow":"follow","max-snippet":"max-snippet:-1","max-image-preview":"max-image-preview:large","max-video-preview":"max-video-preview:-1"},"canonical":"https:\/\/gane.de\/en\/partner\/","og_locale":"en_US","og_type":"article","og_title":"Partner | GAN\u00c9 Aktiengesellschaft | ACATIS GAN\u00c9 Value Event Fonds","og_description":"Dates The 17th Meeting for our partners will be in the premises of the company on 28th September 2024 at 14 a.m. For planning purposes please register until 23rd September 2024.","og_url":"https:\/\/gane.de\/en\/partner\/","og_site_name":"gane-aktiengesellschaft","article_modified_time":"2024-10-20T14:21:30+00:00","og_image":[{"width":2400,"height":1006,"url":"https:\/\/gane.de\/wp-content\/uploads\/2024\/01\/acatis-gane-aschaffenburg.jpg","type":"image\/jpeg"}],"twitter_card":"summary_large_image","twitter_misc":{"Est. reading time":"1 minute"},"schema":{"@context":"https:\/\/schema.org","@graph":[{"@type":"WebPage","@id":"https:\/\/gane.de\/en\/partner\/","url":"https:\/\/gane.de\/en\/partner\/","name":"Partner | GAN\u00c9 Aktiengesellschaft | ACATIS GAN\u00c9 Value Event Fonds","isPartOf":{"@id":"https:\/\/gane.de\/#website"},"primaryImageOfPage":{"@id":"https:\/\/gane.de\/en\/partner\/#primaryimage"},"image":{"@id":"https:\/\/gane.de\/en\/partner\/#primaryimage"},"thumbnailUrl":"https:\/\/gane.de\/wp-content\/uploads\/2024\/01\/acatis-gane-aschaffenburg.jpg","datePublished":"2021-03-01T12:53:38+00:00","dateModified":"2024-10-20T14:21:30+00:00","breadcrumb":{"@id":"https:\/\/gane.de\/en\/partner\/#breadcrumb"},"inLanguage":"en-US","potentialAction":[{"@type":"ReadAction","target":["https:\/\/gane.de\/en\/partner\/"]}]},{"@type":"ImageObject","inLanguage":"en-US","@id":"https:\/\/gane.de\/en\/partner\/#primaryimage","url":"https:\/\/gane.de\/wp-content\/uploads\/2024\/01\/acatis-gane-aschaffenburg.jpg","contentUrl":"https:\/\/gane.de\/wp-content\/uploads\/2024\/01\/acatis-gane-aschaffenburg.jpg","width":2400,"height":1006,"caption":"ACATIS GAN\u00c9 Value Event Fonds Aschaffenburg"},{"@type":"BreadcrumbList","@id":"https:\/\/gane.de\/en\/partner\/#breadcrumb","itemListElement":[{"@type":"ListItem","position":1,"name":"Home","item":"https:\/\/gane.de\/en\/startsite\/"},{"@type":"ListItem","position":2,"name":"Partner"}]},{"@type":"WebSite","@id":"https:\/\/gane.de\/#website","url":"https:\/\/gane.de\/","name":"gane-aktiengesellschaft","description":"Just another WordPress site","publisher":{"@id":"https:\/\/gane.de\/#organization"},"potentialAction":[{"@type":"SearchAction","target":{"@type":"EntryPoint","urlTemplate":"https:\/\/gane.de\/?s={search_term_string}"},"query-input":{"@type":"PropertyValueSpecification","valueRequired":true,"valueName":"search_term_string"}}],"inLanguage":"en-US"},{"@type":"Organization","@id":"https:\/\/gane.de\/#organization","name":"GAN\u00c9 Aktiengesellschaft","url":"https:\/\/gane.de\/","logo":{"@type":"ImageObject","inLanguage":"en-US","@id":"https:\/\/gane.de\/#\/schema\/logo\/image\/","url":"https:\/\/gane.de\/wp-content\/uploads\/2021\/01\/logo-gane.png","contentUrl":"https:\/\/gane.de\/wp-content\/uploads\/2021\/01\/logo-gane.png","width":606,"height":192,"caption":"GAN\u00c9 Aktiengesellschaft"},"image":{"@id":"https:\/\/gane.de\/#\/schema\/logo\/image\/"}}]}},"_links":{"self":[{"href":"https:\/\/gane.de\/en\/wp-json\/wp\/v2\/pages\/798","targetHints":{"allow":["GET"]}}],"collection":[{"href":"https:\/\/gane.de\/en\/wp-json\/wp\/v2\/pages"}],"about":[{"href":"https:\/\/gane.de\/en\/wp-json\/wp\/v2\/types\/page"}],"author":[{"embeddable":true,"href":"https:\/\/gane.de\/en\/wp-json\/wp\/v2\/users\/1"}],"replies":[{"embeddable":true,"href":"https:\/\/gane.de\/en\/wp-json\/wp\/v2\/comments?post=798"}],"version-history":[{"count":11,"href":"https:\/\/gane.de\/en\/wp-json\/wp\/v2\/pages\/798\/revisions"}],"predecessor-version":[{"id":15119,"href":"https:\/\/gane.de\/en\/wp-json\/wp\/v2\/pages\/798\/revisions\/15119"}],"wp:featuredmedia":[{"embeddable":true,"href":"https:\/\/gane.de\/en\/wp-json\/wp\/v2\/media\/14492"}],"wp:attachment":[{"href":"https:\/\/gane.de\/en\/wp-json\/wp\/v2\/media?parent=798"}],"curies":[{"name":"wp","href":"https:\/\/api.w.org\/{rel}","templated":true}]}}