{"id":812,"date":"2021-03-01T13:06:00","date_gmt":"2021-03-01T13:06:00","guid":{"rendered":"https:\/\/gane.de\/?page_id=812"},"modified":"2024-02-02T14:35:04","modified_gmt":"2024-02-02T12:35:04","slug":"social-commitment","status":"publish","type":"page","link":"https:\/\/gane.de\/en\/social-commitment\/","title":{"rendered":"Social Commitment"},"content":{"rendered":"<p>[et_pb_section fb_built=&#8221;1&#8243; specialty=&#8221;on&#8221; _builder_version=&#8221;4.16&#8243; global_colors_info=&#8221;{}&#8221;][et_pb_column type=&#8221;3_4&#8243; specialty_columns=&#8221;3&#8243; _builder_version=&#8221;4.16&#8243; custom_padding=&#8221;|||&#8221; global_colors_info=&#8221;{}&#8221; custom_padding__hover=&#8221;|||&#8221;][et_pb_row_inner module_id=&#8221;portrait&#8221; _builder_version=&#8221;4.16&#8243; global_colors_info=&#8221;{}&#8221;][et_pb_column_inner saved_specialty_column_type=&#8221;3_4&#8243; _builder_version=&#8221;4.1&#8243; global_colors_info=&#8221;{}&#8221;][et_pb_text admin_label=&#8221;\u00dcberschrift&#8221; module_class=&#8221;ueberschrift&#8221; _builder_version=&#8221;4.16&#8243; global_colors_info=&#8221;{}&#8221;]<\/p>\n<h2>GAN\u00c9 supports World Vision Deutschland e.V.<\/h2>\n<p>GAN\u00c9 Aktiengesellschaft has experienced successful growth since it was founded in 2007.  This success is the result of actions undertaken by individuals. It is all in our hands. We can achieve our goals by working hard and making decisions every day. We also benefit from the right environment, namely the kind of stable climatic, political, economic and social conditions that are found in Germany. Many children and young people in the world are not so fortunate. We want to help them.<\/p>\n<p>It is both our mission and also our duty to be a reliable partner of communities. For this reason, GAN\u00c9 Aktiengesellschaft has assumed a child sponsorship &#8220;Future for Children&#8221; as part of the aid organisation World Vision for each completed business year since its founding. We support children from developing countries, their families and their environment in the fight against poverty and injustice, regardless of ethnic background, religion or nationality, with a focus on approaches that generate noticeable long-term effects according to the &#8220;Help to Self-Help&#8221; principle.<\/p>\n<p>Regular letters, which are also accompanied by pictures, show the positive development of the children, families and their village community. Food, clothing, medicine and accommodation are secured, giving rise to a sense of self-sufficiency, and wells and educational facilities are being built to permanently break through the vicious cycle of poverty. We are happy to do our part towards improving the lives of some of the children. They want to lead independent and self-determined lives and pursue their own individual goals.[\/et_pb_text][\/et_pb_column_inner][\/et_pb_row_inner][\/et_pb_column][et_pb_column type=&#8221;1_4&#8243; _builder_version=&#8221;4.16&#8243; custom_padding=&#8221;|||&#8221; global_colors_info=&#8221;{}&#8221; custom_padding__hover=&#8221;|||&#8221;][et_pb_sidebar area=&#8221;et_pb_widget_area_2&#8243; module_class=&#8221;seitenleiste&#8221; _builder_version=&#8221;4.16&#8243; global_colors_info=&#8221;{}&#8221;][\/et_pb_sidebar][\/et_pb_column][\/et_pb_section]<\/p>\n","protected":false},"excerpt":{"rendered":"<p>GAN\u00c9 supports World Vision Deutschland e.V. GAN\u00c9 Aktiengesellschaft has experienced successful growth since it was founded in 2007. This success is the result of actions undertaken by individuals. It is all in our hands. We can achieve our goals by working hard and making decisions every day. We also benefit from the right environment, namely [&hellip;]<\/p>\n","protected":false},"author":1,"featured_media":14492,"parent":0,"menu_order":0,"comment_status":"closed","ping_status":"closed","template":"unterseite.php","meta":{"_acf_changed":false,"_et_pb_use_builder":"on","_et_pb_old_content":"[et_pb_section fb_built=\"1\" specialty=\"on\" _builder_version=\"4.1\"][et_pb_column type=\"3_4\" specialty_columns=\"3\" _builder_version=\"3.25\" custom_padding=\"|||\" custom_padding__hover=\"|||\"][et_pb_row_inner module_id=\"portrait\" _builder_version=\"4.1\"][et_pb_column_inner saved_specialty_column_type=\"3_4\" _builder_version=\"4.1\"][et_pb_text admin_label=\"\u00dcberschrift\" module_class=\"ueberschrift\" _builder_version=\"4.1\"]<h2>Soziales Engagement\r\n<\/h2>\r\n<span>GAN\u00c9 unterst\u00fctzt World Vision Deutschland e.V.<\/span>[\/et_pb_text][et_pb_text module_class=\"first-letter\" _builder_version=\"4.1\"]Seit ihrer Gr\u00fcndung im Jahr 2007 weist die GAN\u00c9 Aktiengesellschaft eine erfolgreiche Gesch\u00e4ftsentwicklung auf. Der Erfolg ist das Ergebnis der handelnden Personen. Wir haben es selbst in der Hand. Durch Flei\u00df und das t\u00e4gliche Treffen von Entscheidungen k\u00f6nnen wir unsere Ziele erreichen. Die Rahmenbedingungen daf\u00fcr sind uns gegeben: Stabile klimatische, politische, wirtschaftliche und soziale Verh\u00e4ltnisse, wie wir sie in Deutschland vorfinden. Dieses Gl\u00fcck haben viele Kinder und Jugendliche dieser Erde nicht. Ihnen wollen wir helfen.\r\n\r\nF\u00fcr uns ist es Anliegen und Verpflichtung zugleich, ein verl\u00e4sslicher Partner f\u00fcr die Gesellschaft zu sein. Aus diesem Grund \u00fcbernimmt die GAN\u00c9 Aktiengesellschaft f\u00fcr jedes abgeschlossene Gesch\u00e4ftsjahr seit ihrer Gr\u00fcndung eine Kinderpatenschaft \u201eZukunft f\u00fcr Kinder\u201c der Hilfsorganisation World Vision. Wir unterst\u00fctzen Kinder aus Entwicklungsl\u00e4ndern, ihre Familien und ihr Umfeld im Kampf gegen Armut und Ungerechtigkeit, unabh\u00e4ngig von ethnischer Herkunft, Religion oder Nationalit\u00e4t.\r\n\r\nIm Fokus stehen L\u00f6sungsans\u00e4tze, die nach dem Prinzip \"Hilfe zur Selbsthilfe\" sp\u00fcrbare Langzeitwirkung entfalten. Sowohl der regelm\u00e4\u00dfige Briefkontakt als auch die uns zugesandten Bilder zeigen die positive Entwicklung der Kinder, Familien und ihrer Dorfgemeinschaft. Nahrungsmittel, Kleidung, Medizin und Unterkunft sind gesichert, eine Selbstversorgung entsteht, Brunnen und Bildungseinrichtungen werden gebaut, um den Teufelskreis der Armut nachhaltig zu durchbrechen. Wir freuen uns, dass wir dazu beitragen k\u00f6nnen, das Leben einiger Kinder lebenswerter zu machen. Sie sollen ein unabh\u00e4ngiges und selbstbestimmtes Leben f\u00fchren und ihre individuellen Ziele verfolgen k\u00f6nnen.[\/et_pb_text][\/et_pb_column_inner][\/et_pb_row_inner][\/et_pb_column][et_pb_column type=\"1_4\" _builder_version=\"3.25\" custom_padding=\"|||\" custom_padding__hover=\"|||\"][et_pb_sidebar area=\"et_pb_widget_area_2\" module_class=\"seitenleiste\" _builder_version=\"4.1\" hover_enabled=\"0\"][\/et_pb_sidebar][\/et_pb_column][\/et_pb_section]","_et_gb_content_width":"","inline_featured_image":false,"footnotes":""},"class_list":["post-812","page","type-page","status-publish","has-post-thumbnail","hentry"],"acf":[],"yoast_head":"<!-- This site is optimized with the Yoast SEO plugin v27.1.1 - https:\/\/yoast.com\/product\/yoast-seo-wordpress\/ -->\n<title>Social Commitment | GAN\u00c9 Aktiengesellschaft | ACATIS GAN\u00c9<\/title>\n<meta name=\"robots\" content=\"index, follow, max-snippet:-1, max-image-preview:large, max-video-preview:-1\" \/>\n<link rel=\"canonical\" href=\"https:\/\/gane.de\/en\/social-commitment\/\" \/>\n<meta property=\"og:locale\" content=\"en_US\" \/>\n<meta property=\"og:type\" content=\"article\" \/>\n<meta property=\"og:title\" content=\"Social Commitment | GAN\u00c9 Aktiengesellschaft | ACATIS GAN\u00c9\" \/>\n<meta property=\"og:description\" content=\"GAN\u00c9 supports World Vision Deutschland e.V. GAN\u00c9 Aktiengesellschaft has experienced successful growth since it was founded in 2007. This success is the result of actions undertaken by individuals. It is all in our hands. We can achieve our goals by working hard and making decisions every day. We also benefit from the right environment, namely [&hellip;]\" \/>\n<meta property=\"og:url\" content=\"https:\/\/gane.de\/en\/social-commitment\/\" \/>\n<meta property=\"og:site_name\" content=\"gane-aktiengesellschaft\" \/>\n<meta property=\"article:modified_time\" content=\"2024-02-02T12:35:04+00:00\" \/>\n<meta property=\"og:image\" content=\"https:\/\/gane.de\/wp-content\/uploads\/2024\/01\/acatis-gane-aschaffenburg.jpg\" \/>\n\t<meta property=\"og:image:width\" content=\"2400\" \/>\n\t<meta property=\"og:image:height\" content=\"1006\" \/>\n\t<meta property=\"og:image:type\" content=\"image\/jpeg\" \/>\n<meta name=\"twitter:card\" content=\"summary_large_image\" \/>\n<meta name=\"twitter:label1\" content=\"Est. reading time\" \/>\n\t<meta name=\"twitter:data1\" content=\"2 minutes\" \/>\n<script type=\"application\/ld+json\" class=\"yoast-schema-graph\">{\"@context\":\"https:\/\/schema.org\",\"@graph\":[{\"@type\":\"WebPage\",\"@id\":\"https:\/\/gane.de\/en\/social-commitment\/\",\"url\":\"https:\/\/gane.de\/en\/social-commitment\/\",\"name\":\"Social Commitment | GAN\u00c9 Aktiengesellschaft | ACATIS GAN\u00c9\",\"isPartOf\":{\"@id\":\"https:\/\/gane.de\/#website\"},\"primaryImageOfPage\":{\"@id\":\"https:\/\/gane.de\/en\/social-commitment\/#primaryimage\"},\"image\":{\"@id\":\"https:\/\/gane.de\/en\/social-commitment\/#primaryimage\"},\"thumbnailUrl\":\"https:\/\/gane.de\/wp-content\/uploads\/2024\/01\/acatis-gane-aschaffenburg.jpg\",\"datePublished\":\"2021-03-01T13:06:00+00:00\",\"dateModified\":\"2024-02-02T12:35:04+00:00\",\"breadcrumb\":{\"@id\":\"https:\/\/gane.de\/en\/social-commitment\/#breadcrumb\"},\"inLanguage\":\"en-US\",\"potentialAction\":[{\"@type\":\"ReadAction\",\"target\":[\"https:\/\/gane.de\/en\/social-commitment\/\"]}]},{\"@type\":\"ImageObject\",\"inLanguage\":\"en-US\",\"@id\":\"https:\/\/gane.de\/en\/social-commitment\/#primaryimage\",\"url\":\"https:\/\/gane.de\/wp-content\/uploads\/2024\/01\/acatis-gane-aschaffenburg.jpg\",\"contentUrl\":\"https:\/\/gane.de\/wp-content\/uploads\/2024\/01\/acatis-gane-aschaffenburg.jpg\",\"width\":2400,\"height\":1006,\"caption\":\"ACATIS GAN\u00c9 Value Event Fonds Aschaffenburg\"},{\"@type\":\"BreadcrumbList\",\"@id\":\"https:\/\/gane.de\/en\/social-commitment\/#breadcrumb\",\"itemListElement\":[{\"@type\":\"ListItem\",\"position\":1,\"name\":\"Home\",\"item\":\"https:\/\/gane.de\/en\/startsite\/\"},{\"@type\":\"ListItem\",\"position\":2,\"name\":\"Social Commitment\"}]},{\"@type\":\"WebSite\",\"@id\":\"https:\/\/gane.de\/#website\",\"url\":\"https:\/\/gane.de\/\",\"name\":\"gane-aktiengesellschaft\",\"description\":\"Just another WordPress site\",\"publisher\":{\"@id\":\"https:\/\/gane.de\/#organization\"},\"potentialAction\":[{\"@type\":\"SearchAction\",\"target\":{\"@type\":\"EntryPoint\",\"urlTemplate\":\"https:\/\/gane.de\/?s={search_term_string}\"},\"query-input\":{\"@type\":\"PropertyValueSpecification\",\"valueRequired\":true,\"valueName\":\"search_term_string\"}}],\"inLanguage\":\"en-US\"},{\"@type\":\"Organization\",\"@id\":\"https:\/\/gane.de\/#organization\",\"name\":\"GAN\u00c9 Aktiengesellschaft\",\"url\":\"https:\/\/gane.de\/\",\"logo\":{\"@type\":\"ImageObject\",\"inLanguage\":\"en-US\",\"@id\":\"https:\/\/gane.de\/#\/schema\/logo\/image\/\",\"url\":\"https:\/\/gane.de\/wp-content\/uploads\/2021\/01\/logo-gane.png\",\"contentUrl\":\"https:\/\/gane.de\/wp-content\/uploads\/2021\/01\/logo-gane.png\",\"width\":606,\"height\":192,\"caption\":\"GAN\u00c9 Aktiengesellschaft\"},\"image\":{\"@id\":\"https:\/\/gane.de\/#\/schema\/logo\/image\/\"}}]}<\/script>\n<!-- \/ Yoast SEO plugin. -->","yoast_head_json":{"title":"Social Commitment | GAN\u00c9 Aktiengesellschaft | ACATIS GAN\u00c9","robots":{"index":"index","follow":"follow","max-snippet":"max-snippet:-1","max-image-preview":"max-image-preview:large","max-video-preview":"max-video-preview:-1"},"canonical":"https:\/\/gane.de\/en\/social-commitment\/","og_locale":"en_US","og_type":"article","og_title":"Social Commitment | GAN\u00c9 Aktiengesellschaft | ACATIS GAN\u00c9","og_description":"GAN\u00c9 supports World Vision Deutschland e.V. GAN\u00c9 Aktiengesellschaft has experienced successful growth since it was founded in 2007. This success is the result of actions undertaken by individuals. It is all in our hands. We can achieve our goals by working hard and making decisions every day. We also benefit from the right environment, namely [&hellip;]","og_url":"https:\/\/gane.de\/en\/social-commitment\/","og_site_name":"gane-aktiengesellschaft","article_modified_time":"2024-02-02T12:35:04+00:00","og_image":[{"width":2400,"height":1006,"url":"https:\/\/gane.de\/wp-content\/uploads\/2024\/01\/acatis-gane-aschaffenburg.jpg","type":"image\/jpeg"}],"twitter_card":"summary_large_image","twitter_misc":{"Est. reading time":"2 minutes"},"schema":{"@context":"https:\/\/schema.org","@graph":[{"@type":"WebPage","@id":"https:\/\/gane.de\/en\/social-commitment\/","url":"https:\/\/gane.de\/en\/social-commitment\/","name":"Social Commitment | GAN\u00c9 Aktiengesellschaft | ACATIS GAN\u00c9","isPartOf":{"@id":"https:\/\/gane.de\/#website"},"primaryImageOfPage":{"@id":"https:\/\/gane.de\/en\/social-commitment\/#primaryimage"},"image":{"@id":"https:\/\/gane.de\/en\/social-commitment\/#primaryimage"},"thumbnailUrl":"https:\/\/gane.de\/wp-content\/uploads\/2024\/01\/acatis-gane-aschaffenburg.jpg","datePublished":"2021-03-01T13:06:00+00:00","dateModified":"2024-02-02T12:35:04+00:00","breadcrumb":{"@id":"https:\/\/gane.de\/en\/social-commitment\/#breadcrumb"},"inLanguage":"en-US","potentialAction":[{"@type":"ReadAction","target":["https:\/\/gane.de\/en\/social-commitment\/"]}]},{"@type":"ImageObject","inLanguage":"en-US","@id":"https:\/\/gane.de\/en\/social-commitment\/#primaryimage","url":"https:\/\/gane.de\/wp-content\/uploads\/2024\/01\/acatis-gane-aschaffenburg.jpg","contentUrl":"https:\/\/gane.de\/wp-content\/uploads\/2024\/01\/acatis-gane-aschaffenburg.jpg","width":2400,"height":1006,"caption":"ACATIS GAN\u00c9 Value Event Fonds Aschaffenburg"},{"@type":"BreadcrumbList","@id":"https:\/\/gane.de\/en\/social-commitment\/#breadcrumb","itemListElement":[{"@type":"ListItem","position":1,"name":"Home","item":"https:\/\/gane.de\/en\/startsite\/"},{"@type":"ListItem","position":2,"name":"Social Commitment"}]},{"@type":"WebSite","@id":"https:\/\/gane.de\/#website","url":"https:\/\/gane.de\/","name":"gane-aktiengesellschaft","description":"Just another WordPress site","publisher":{"@id":"https:\/\/gane.de\/#organization"},"potentialAction":[{"@type":"SearchAction","target":{"@type":"EntryPoint","urlTemplate":"https:\/\/gane.de\/?s={search_term_string}"},"query-input":{"@type":"PropertyValueSpecification","valueRequired":true,"valueName":"search_term_string"}}],"inLanguage":"en-US"},{"@type":"Organization","@id":"https:\/\/gane.de\/#organization","name":"GAN\u00c9 Aktiengesellschaft","url":"https:\/\/gane.de\/","logo":{"@type":"ImageObject","inLanguage":"en-US","@id":"https:\/\/gane.de\/#\/schema\/logo\/image\/","url":"https:\/\/gane.de\/wp-content\/uploads\/2021\/01\/logo-gane.png","contentUrl":"https:\/\/gane.de\/wp-content\/uploads\/2021\/01\/logo-gane.png","width":606,"height":192,"caption":"GAN\u00c9 Aktiengesellschaft"},"image":{"@id":"https:\/\/gane.de\/#\/schema\/logo\/image\/"}}]}},"_links":{"self":[{"href":"https:\/\/gane.de\/en\/wp-json\/wp\/v2\/pages\/812","targetHints":{"allow":["GET"]}}],"collection":[{"href":"https:\/\/gane.de\/en\/wp-json\/wp\/v2\/pages"}],"about":[{"href":"https:\/\/gane.de\/en\/wp-json\/wp\/v2\/types\/page"}],"author":[{"embeddable":true,"href":"https:\/\/gane.de\/en\/wp-json\/wp\/v2\/users\/1"}],"replies":[{"embeddable":true,"href":"https:\/\/gane.de\/en\/wp-json\/wp\/v2\/comments?post=812"}],"version-history":[{"count":8,"href":"https:\/\/gane.de\/en\/wp-json\/wp\/v2\/pages\/812\/revisions"}],"predecessor-version":[{"id":14539,"href":"https:\/\/gane.de\/en\/wp-json\/wp\/v2\/pages\/812\/revisions\/14539"}],"wp:featuredmedia":[{"embeddable":true,"href":"https:\/\/gane.de\/en\/wp-json\/wp\/v2\/media\/14492"}],"wp:attachment":[{"href":"https:\/\/gane.de\/en\/wp-json\/wp\/v2\/media?parent=812"}],"curies":[{"name":"wp","href":"https:\/\/api.w.org\/{rel}","templated":true}]}}