{"id":823,"date":"2021-03-01T13:11:36","date_gmt":"2021-03-01T13:11:36","guid":{"rendered":"https:\/\/gane.de\/?page_id=823"},"modified":"2024-05-22T11:56:44","modified_gmt":"2024-05-22T09:56:44","slug":"imprint","status":"publish","type":"page","link":"https:\/\/gane.de\/en\/imprint\/","title":{"rendered":"Imprint"},"content":{"rendered":"<p>[et_pb_section fb_built=&#8221;1&#8243; specialty=&#8221;on&#8221; _builder_version=&#8221;4.16&#8243; global_colors_info=&#8221;{}&#8221;][et_pb_column type=&#8221;3_4&#8243; specialty_columns=&#8221;3&#8243; _builder_version=&#8221;4.16&#8243; custom_padding=&#8221;|||&#8221; global_colors_info=&#8221;{}&#8221; custom_padding__hover=&#8221;|||&#8221;][et_pb_row_inner _builder_version=&#8221;4.16&#8243; global_colors_info=&#8221;{}&#8221;][et_pb_column_inner saved_specialty_column_type=&#8221;3_4&#8243; _builder_version=&#8221;4.1&#8243; global_colors_info=&#8221;{}&#8221;][et_pb_text module_class=&#8221;strong-width&#8221; _builder_version=&#8221;4.25.0&#8243; hover_enabled=&#8221;0&#8243; global_colors_info=&#8221;{}&#8221; sticky_enabled=&#8221;0&#8243;]<\/p>\n<p>GAN\u00c9 Aktiengesellschaft<br \/>Wei\u00dfenburger Stra\u00dfe 36<br \/>63739 Aschaffenburg<br \/>Germany<\/p>\n<p><strong>Tel:<\/strong> +49 6021 4940-120<br \/><strong>Fax:<\/strong> +49 6021 4940-127<br \/>e-mail: kontakt@gane.de<\/p>\n<p>Authorized person:<br \/>\u00bb Dr. Uwe Rathausky, Member of the Board<br \/>\u00bb J. Henrik Muhle, Member of the Board<\/p>\n<p>Chairman of the Supervisory Board:<br \/>\u00bb Norbert Freisleben<\/p>\n<p>Registered Office: Aschaffenburg<br \/>Commercial Court: Aschaffenburg HRB 10188<br \/>Sales tax ID number: DE 257239197<\/p>\n<p>Investment advice according to section 2 para. 2 no. 4 German Wertpapierinstitutsgesetz (WpIG) and investment brokerage according to section 2 para. 2 no. 3 German Banking Act shall be made on behalf of, in the name of, for the account and under the liability of the responsible legal entity BN &amp; Partners Capital AG, Steinstra\u00dfe 33, 50374 Erftstadt, according to section 3 para. 2 WpIG. BN &amp; Partners Capital AG has a corresponding license from the German Federal Financial Supervisory Authority (BaFin) in accordance with section 15 WpIG for the prenamed investment services.<\/p>\n<p>[\/et_pb_text][\/et_pb_column_inner][\/et_pb_row_inner][\/et_pb_column][et_pb_column type=&#8221;1_4&#8243; _builder_version=&#8221;4.16&#8243; custom_padding=&#8221;|||&#8221; global_colors_info=&#8221;{}&#8221; custom_padding__hover=&#8221;|||&#8221;][et_pb_sidebar area=&#8221;et_pb_widget_area_2&#8243; module_class=&#8221;seitenleiste&#8221; _builder_version=&#8221;4.16&#8243; global_colors_info=&#8221;{}&#8221;][\/et_pb_sidebar][\/et_pb_column][\/et_pb_section]<\/p>\n","protected":false},"excerpt":{"rendered":"<p>GAN\u00c9 AktiengesellschaftWei\u00dfenburger Stra\u00dfe 3663739 AschaffenburgGermany Tel: +49 6021 4940-120Fax: +49 6021 4940-127e-mail: kontakt@gane.de Authorized person:\u00bb Dr. Uwe Rathausky, Member of the Board\u00bb J. Henrik Muhle, Member of the Board Chairman of the Supervisory Board:\u00bb Norbert Freisleben Registered Office: AschaffenburgCommercial Court: Aschaffenburg HRB 10188Sales tax ID number: DE 257239197 Investment advice according to section 2 para. [&hellip;]<\/p>\n","protected":false},"author":1,"featured_media":14492,"parent":0,"menu_order":0,"comment_status":"closed","ping_status":"closed","template":"unterseite.php","meta":{"_acf_changed":false,"_et_pb_use_builder":"on","_et_pb_old_content":"[et_pb_section fb_built=\"1\" _builder_version=\"4.1\"][et_pb_row _builder_version=\"4.1\"][et_pb_column _builder_version=\"4.1\" type=\"4_4\"][et_pb_text _builder_version=\"4.1\" hover_enabled=\"0\"][\/et_pb_text][\/et_pb_column][\/et_pb_row][\/et_pb_section]","_et_gb_content_width":"","inline_featured_image":false,"footnotes":""},"class_list":["post-823","page","type-page","status-publish","has-post-thumbnail","hentry"],"acf":[],"yoast_head":"<!-- This site is optimized with the Yoast SEO plugin v27.1.1 - https:\/\/yoast.com\/product\/yoast-seo-wordpress\/ -->\n<title>Imprint | GAN\u00c9 Aktiengesellschaft | ACATIS GAN\u00c9<\/title>\n<meta name=\"robots\" content=\"noindex, follow\" \/>\n<meta property=\"og:locale\" content=\"en_US\" \/>\n<meta property=\"og:type\" content=\"article\" \/>\n<meta property=\"og:title\" content=\"Imprint | GAN\u00c9 Aktiengesellschaft | ACATIS GAN\u00c9\" \/>\n<meta property=\"og:description\" content=\"GAN\u00c9 AktiengesellschaftWei\u00dfenburger Stra\u00dfe 3663739 AschaffenburgGermany Tel: +49 6021 4940-120Fax: +49 6021 4940-127e-mail: kontakt@gane.de Authorized person:\u00bb Dr. Uwe Rathausky, Member of the Board\u00bb J. Henrik Muhle, Member of the Board Chairman of the Supervisory Board:\u00bb Norbert Freisleben Registered Office: AschaffenburgCommercial Court: Aschaffenburg HRB 10188Sales tax ID number: DE 257239197 Investment advice according to section 2 para. [&hellip;]\" \/>\n<meta property=\"og:url\" content=\"https:\/\/gane.de\/en\/imprint\/\" \/>\n<meta property=\"og:site_name\" content=\"gane-aktiengesellschaft\" \/>\n<meta property=\"article:modified_time\" content=\"2024-05-22T09:56:44+00:00\" \/>\n<meta property=\"og:image\" content=\"https:\/\/gane.de\/wp-content\/uploads\/2024\/01\/acatis-gane-aschaffenburg.jpg\" \/>\n\t<meta property=\"og:image:width\" content=\"2400\" \/>\n\t<meta property=\"og:image:height\" content=\"1006\" \/>\n\t<meta property=\"og:image:type\" content=\"image\/jpeg\" \/>\n<meta name=\"twitter:card\" content=\"summary_large_image\" \/>\n<meta name=\"twitter:label1\" content=\"Est. reading time\" \/>\n\t<meta name=\"twitter:data1\" content=\"2 minutes\" \/>\n<script type=\"application\/ld+json\" class=\"yoast-schema-graph\">{\"@context\":\"https:\/\/schema.org\",\"@graph\":[{\"@type\":\"WebPage\",\"@id\":\"https:\/\/gane.de\/en\/imprint\/\",\"url\":\"https:\/\/gane.de\/en\/imprint\/\",\"name\":\"Imprint | GAN\u00c9 Aktiengesellschaft | ACATIS GAN\u00c9\",\"isPartOf\":{\"@id\":\"https:\/\/gane.de\/#website\"},\"primaryImageOfPage\":{\"@id\":\"https:\/\/gane.de\/en\/imprint\/#primaryimage\"},\"image\":{\"@id\":\"https:\/\/gane.de\/en\/imprint\/#primaryimage\"},\"thumbnailUrl\":\"https:\/\/gane.de\/wp-content\/uploads\/2024\/01\/acatis-gane-aschaffenburg.jpg\",\"datePublished\":\"2021-03-01T13:11:36+00:00\",\"dateModified\":\"2024-05-22T09:56:44+00:00\",\"breadcrumb\":{\"@id\":\"https:\/\/gane.de\/en\/imprint\/#breadcrumb\"},\"inLanguage\":\"en-US\",\"potentialAction\":[{\"@type\":\"ReadAction\",\"target\":[\"https:\/\/gane.de\/en\/imprint\/\"]}]},{\"@type\":\"ImageObject\",\"inLanguage\":\"en-US\",\"@id\":\"https:\/\/gane.de\/en\/imprint\/#primaryimage\",\"url\":\"https:\/\/gane.de\/wp-content\/uploads\/2024\/01\/acatis-gane-aschaffenburg.jpg\",\"contentUrl\":\"https:\/\/gane.de\/wp-content\/uploads\/2024\/01\/acatis-gane-aschaffenburg.jpg\",\"width\":2400,\"height\":1006,\"caption\":\"ACATIS GAN\u00c9 Value Event Fonds Aschaffenburg\"},{\"@type\":\"BreadcrumbList\",\"@id\":\"https:\/\/gane.de\/en\/imprint\/#breadcrumb\",\"itemListElement\":[{\"@type\":\"ListItem\",\"position\":1,\"name\":\"Home\",\"item\":\"https:\/\/gane.de\/en\/startsite\/\"},{\"@type\":\"ListItem\",\"position\":2,\"name\":\"Imprint\"}]},{\"@type\":\"WebSite\",\"@id\":\"https:\/\/gane.de\/#website\",\"url\":\"https:\/\/gane.de\/\",\"name\":\"gane-aktiengesellschaft\",\"description\":\"Just another WordPress site\",\"publisher\":{\"@id\":\"https:\/\/gane.de\/#organization\"},\"potentialAction\":[{\"@type\":\"SearchAction\",\"target\":{\"@type\":\"EntryPoint\",\"urlTemplate\":\"https:\/\/gane.de\/?s={search_term_string}\"},\"query-input\":{\"@type\":\"PropertyValueSpecification\",\"valueRequired\":true,\"valueName\":\"search_term_string\"}}],\"inLanguage\":\"en-US\"},{\"@type\":\"Organization\",\"@id\":\"https:\/\/gane.de\/#organization\",\"name\":\"GAN\u00c9 Aktiengesellschaft\",\"url\":\"https:\/\/gane.de\/\",\"logo\":{\"@type\":\"ImageObject\",\"inLanguage\":\"en-US\",\"@id\":\"https:\/\/gane.de\/#\/schema\/logo\/image\/\",\"url\":\"https:\/\/gane.de\/wp-content\/uploads\/2021\/01\/logo-gane.png\",\"contentUrl\":\"https:\/\/gane.de\/wp-content\/uploads\/2021\/01\/logo-gane.png\",\"width\":606,\"height\":192,\"caption\":\"GAN\u00c9 Aktiengesellschaft\"},\"image\":{\"@id\":\"https:\/\/gane.de\/#\/schema\/logo\/image\/\"}}]}<\/script>\n<!-- \/ Yoast SEO plugin. -->","yoast_head_json":{"title":"Imprint | GAN\u00c9 Aktiengesellschaft | ACATIS GAN\u00c9","robots":{"index":"noindex","follow":"follow"},"og_locale":"en_US","og_type":"article","og_title":"Imprint | GAN\u00c9 Aktiengesellschaft | ACATIS GAN\u00c9","og_description":"GAN\u00c9 AktiengesellschaftWei\u00dfenburger Stra\u00dfe 3663739 AschaffenburgGermany Tel: +49 6021 4940-120Fax: +49 6021 4940-127e-mail: kontakt@gane.de Authorized person:\u00bb Dr. Uwe Rathausky, Member of the Board\u00bb J. Henrik Muhle, Member of the Board Chairman of the Supervisory Board:\u00bb Norbert Freisleben Registered Office: AschaffenburgCommercial Court: Aschaffenburg HRB 10188Sales tax ID number: DE 257239197 Investment advice according to section 2 para. [&hellip;]","og_url":"https:\/\/gane.de\/en\/imprint\/","og_site_name":"gane-aktiengesellschaft","article_modified_time":"2024-05-22T09:56:44+00:00","og_image":[{"width":2400,"height":1006,"url":"https:\/\/gane.de\/wp-content\/uploads\/2024\/01\/acatis-gane-aschaffenburg.jpg","type":"image\/jpeg"}],"twitter_card":"summary_large_image","twitter_misc":{"Est. reading time":"2 minutes"},"schema":{"@context":"https:\/\/schema.org","@graph":[{"@type":"WebPage","@id":"https:\/\/gane.de\/en\/imprint\/","url":"https:\/\/gane.de\/en\/imprint\/","name":"Imprint | GAN\u00c9 Aktiengesellschaft | ACATIS GAN\u00c9","isPartOf":{"@id":"https:\/\/gane.de\/#website"},"primaryImageOfPage":{"@id":"https:\/\/gane.de\/en\/imprint\/#primaryimage"},"image":{"@id":"https:\/\/gane.de\/en\/imprint\/#primaryimage"},"thumbnailUrl":"https:\/\/gane.de\/wp-content\/uploads\/2024\/01\/acatis-gane-aschaffenburg.jpg","datePublished":"2021-03-01T13:11:36+00:00","dateModified":"2024-05-22T09:56:44+00:00","breadcrumb":{"@id":"https:\/\/gane.de\/en\/imprint\/#breadcrumb"},"inLanguage":"en-US","potentialAction":[{"@type":"ReadAction","target":["https:\/\/gane.de\/en\/imprint\/"]}]},{"@type":"ImageObject","inLanguage":"en-US","@id":"https:\/\/gane.de\/en\/imprint\/#primaryimage","url":"https:\/\/gane.de\/wp-content\/uploads\/2024\/01\/acatis-gane-aschaffenburg.jpg","contentUrl":"https:\/\/gane.de\/wp-content\/uploads\/2024\/01\/acatis-gane-aschaffenburg.jpg","width":2400,"height":1006,"caption":"ACATIS GAN\u00c9 Value Event Fonds Aschaffenburg"},{"@type":"BreadcrumbList","@id":"https:\/\/gane.de\/en\/imprint\/#breadcrumb","itemListElement":[{"@type":"ListItem","position":1,"name":"Home","item":"https:\/\/gane.de\/en\/startsite\/"},{"@type":"ListItem","position":2,"name":"Imprint"}]},{"@type":"WebSite","@id":"https:\/\/gane.de\/#website","url":"https:\/\/gane.de\/","name":"gane-aktiengesellschaft","description":"Just another WordPress site","publisher":{"@id":"https:\/\/gane.de\/#organization"},"potentialAction":[{"@type":"SearchAction","target":{"@type":"EntryPoint","urlTemplate":"https:\/\/gane.de\/?s={search_term_string}"},"query-input":{"@type":"PropertyValueSpecification","valueRequired":true,"valueName":"search_term_string"}}],"inLanguage":"en-US"},{"@type":"Organization","@id":"https:\/\/gane.de\/#organization","name":"GAN\u00c9 Aktiengesellschaft","url":"https:\/\/gane.de\/","logo":{"@type":"ImageObject","inLanguage":"en-US","@id":"https:\/\/gane.de\/#\/schema\/logo\/image\/","url":"https:\/\/gane.de\/wp-content\/uploads\/2021\/01\/logo-gane.png","contentUrl":"https:\/\/gane.de\/wp-content\/uploads\/2021\/01\/logo-gane.png","width":606,"height":192,"caption":"GAN\u00c9 Aktiengesellschaft"},"image":{"@id":"https:\/\/gane.de\/#\/schema\/logo\/image\/"}}]}},"_links":{"self":[{"href":"https:\/\/gane.de\/en\/wp-json\/wp\/v2\/pages\/823","targetHints":{"allow":["GET"]}}],"collection":[{"href":"https:\/\/gane.de\/en\/wp-json\/wp\/v2\/pages"}],"about":[{"href":"https:\/\/gane.de\/en\/wp-json\/wp\/v2\/types\/page"}],"author":[{"embeddable":true,"href":"https:\/\/gane.de\/en\/wp-json\/wp\/v2\/users\/1"}],"replies":[{"embeddable":true,"href":"https:\/\/gane.de\/en\/wp-json\/wp\/v2\/comments?post=823"}],"version-history":[{"count":12,"href":"https:\/\/gane.de\/en\/wp-json\/wp\/v2\/pages\/823\/revisions"}],"predecessor-version":[{"id":14808,"href":"https:\/\/gane.de\/en\/wp-json\/wp\/v2\/pages\/823\/revisions\/14808"}],"wp:featuredmedia":[{"embeddable":true,"href":"https:\/\/gane.de\/en\/wp-json\/wp\/v2\/media\/14492"}],"wp:attachment":[{"href":"https:\/\/gane.de\/en\/wp-json\/wp\/v2\/media?parent=823"}],"curies":[{"name":"wp","href":"https:\/\/api.w.org\/{rel}","templated":true}]}}